{"id":6,"date":"2015-07-14T17:25:24","date_gmt":"2015-07-14T17:25:24","guid":{"rendered":"http:\/\/yvettehigelin.info\/?page_id=6"},"modified":"2026-03-27T20:47:31","modified_gmt":"2026-03-27T20:47:31","slug":"expositions","status":"publish","type":"page","link":"https:\/\/yvettehigelin.info\/?page_id=6","title":{"rendered":"Expositions"},"content":{"rendered":"<table width=\"645\">\n<tbody>\n<tr>\n<td style=\"text-align: left;\" width=\"228\"><strong>Date<\/strong><\/td>\n<td style=\"text-align: left;\" width=\"210\"><strong>Lieu<\/strong><\/td>\n<td style=\"text-align: left;\" width=\"155\"><strong>Horaire<\/strong><\/td>\n<td style=\"text-align: left;\" width=\"52\"><strong>Entr\u00e9e<\/strong><\/td>\n<\/tr>\n<tr>\n<td width=\"228\">Le 25 et 26 Avril 2026<\/td>\n<td width=\"210\">\u00ab\u00a0Place des Arts\u00a0\u00bb<br \/>\nPlace Broglie<br \/>\nFace \u00e0 l&rsquo;H\u00f4tel de ville, c\u00f4t\u00e9 tram<br \/>\n67000 STRASBOURG<\/td>\n<td width=\"155\">De 9h \u00e0 18h<\/td>\n<td width=\"52\">Libre<\/td>\n<\/tr>\n<tr>\n<td width=\"228\">Du 1er au 10 Mai 2026<\/td>\n<td width=\"210\">Mont Sainte-Odile<br \/>\nSalle Ad\u00e8le Glaubitz<br \/>\n67530 OTTROTT<\/td>\n<td width=\"155\">De 10h30 \u00e0 18h30<\/td>\n<td width=\"52\">Libre<\/td>\n<\/tr>\n<tr>\n<td width=\"228\">Du 6 au 12 Juillet 2026<\/td>\n<td width=\"210\">Salle de la Tour des Bouchers<br \/>\ngrand rue<br \/>\n68150 RIBEAUVILLE<\/td>\n<td width=\"155\">De 10h30 \u00e0 18h30<\/td>\n<td width=\"52\">Libre<\/td>\n<\/tr>\n<tr>\n<td width=\"228\">Du 1 au 16 Ao\u00fbt 2026<\/td>\n<td width=\"210\">Mont Sainte-Odile<br \/>\nSalle Ad\u00e8le Glaubitz<br \/>\n67530 OTTROTT<\/td>\n<td width=\"155\">De 10h30 \u00e0 18h30<\/td>\n<td width=\"52\">Libre<\/td>\n<\/tr>\n<tr>\n<td width=\"228\">Le 5 et 6 Septembre 2026<\/td>\n<td width=\"210\">\u00ab\u00a0Place des Arts\u00a0\u00bb<br \/>\nPlace Broglie<br \/>\nFace \u00e0 l&rsquo;H\u00f4tel de ville, c\u00f4t\u00e9 tram<br \/>\n67000 STRASBOURG<\/td>\n<td width=\"155\">De 9h \u00e0 18h<\/td>\n<td width=\"52\">Libre<\/td>\n<\/tr>\n<tr>\n<td width=\"228\">Le 17 et 18 Octobre 2026<\/td>\n<td width=\"210\">\u00ab\u00a0Place des Arts\u00a0\u00bb<br \/>\nPlace Broglie<br \/>\nFace \u00e0 l&rsquo;H\u00f4tel de ville, c\u00f4t\u00e9 tram<br \/>\n67000 STRASBOURG<\/td>\n<td width=\"155\">De 9h \u00e0 18h<\/td>\n<td width=\"52\">Libre<\/td>\n<\/tr>\n<tr>\n<td width=\"228\">Le 23, 24 et 25 Octobre 2026<\/td>\n<td width=\"210\">Parc de l&rsquo;Orangerie<br \/>\n\u00ab\u00a0Pavillon Jos\u00e9phine\u00a0\u00bb<br \/>\nParc de l&rsquo;Orangerie<br \/>\n67000 STRASBOURG<\/td>\n<td width=\"155\">De 10h \u00e0 18h<br \/>\navec les Artistes Libres d&rsquo;Alsace<\/td>\n<td width=\"52\">Libre<\/td>\n<\/tr>\n<tr>\n<td width=\"228\">Le 21 et 22 Novembre 2026<\/td>\n<td width=\"210\">Salle de corporations<br \/>\n2 rue du Houblon<br \/>\n67500 HAGUENAU<\/td>\n<td width=\"155\">De 10h \u00e0 18h<br \/>\navec les Artistes Libres d&rsquo;Alsace<\/td>\n<td width=\"52\">Libre<\/td>\n<\/tr>\n<tr>\n<td colspan=\"4\" width=\"645\"><\/td>\n<\/tr>\n<tr>\n<td width=\"228\"><\/td>\n<td width=\"210\"><\/td>\n<td width=\"155\"><\/td>\n<td width=\"52\"><\/td>\n<\/tr>\n<\/tbody>\n<\/table>\n<p>&nbsp;<\/p>\n","protected":false},"excerpt":{"rendered":"<p>Date Lieu Horaire Entr\u00e9e Le 25 et 26 Avril 2026 \u00ab\u00a0Place des Arts\u00a0\u00bb Place Broglie Face \u00e0 l&rsquo;H\u00f4tel de ville, c\u00f4t\u00e9 tram 67000 STRASBOURG De 9h \u00e0 18h Libre Du 1er au 10 Mai 2026 Mont Sainte-Odile Salle Ad\u00e8le Glaubitz 67530 OTTROTT De 10h30 \u00e0 18h30 Libre Du 6 au 12 Juillet 2026 Salle de &hellip; <a href=\"https:\/\/yvettehigelin.info\/?page_id=6\" class=\"more-link\">Continuer la lecture de <span class=\"screen-reader-text\">Expositions<\/span> <span class=\"meta-nav\">&rarr;<\/span><\/a><\/p>\n","protected":false},"author":1,"featured_media":0,"parent":0,"menu_order":0,"comment_status":"open","ping_status":"open","template":"","meta":{"footnotes":""},"class_list":["post-6","page","type-page","status-publish","hentry"],"_links":{"self":[{"href":"https:\/\/yvettehigelin.info\/index.php?rest_route=\/wp\/v2\/pages\/6","targetHints":{"allow":["GET"]}}],"collection":[{"href":"https:\/\/yvettehigelin.info\/index.php?rest_route=\/wp\/v2\/pages"}],"about":[{"href":"https:\/\/yvettehigelin.info\/index.php?rest_route=\/wp\/v2\/types\/page"}],"author":[{"embeddable":true,"href":"https:\/\/yvettehigelin.info\/index.php?rest_route=\/wp\/v2\/users\/1"}],"replies":[{"embeddable":true,"href":"https:\/\/yvettehigelin.info\/index.php?rest_route=%2Fwp%2Fv2%2Fcomments&post=6"}],"version-history":[{"count":36,"href":"https:\/\/yvettehigelin.info\/index.php?rest_route=\/wp\/v2\/pages\/6\/revisions"}],"predecessor-version":[{"id":311,"href":"https:\/\/yvettehigelin.info\/index.php?rest_route=\/wp\/v2\/pages\/6\/revisions\/311"}],"wp:attachment":[{"href":"https:\/\/yvettehigelin.info\/index.php?rest_route=%2Fwp%2Fv2%2Fmedia&parent=6"}],"curies":[{"name":"wp","href":"https:\/\/api.w.org\/{rel}","templated":true}]}}