{"id":205,"date":"2016-01-03T15:50:53","date_gmt":"2016-01-03T15:50:53","guid":{"rendered":"http:\/\/yvettehigelin.info\/?page_id=205"},"modified":"2016-01-03T16:09:15","modified_gmt":"2016-01-03T16:09:15","slug":"presentation-de-lartiste","status":"publish","type":"page","link":"https:\/\/yvettehigelin.info\/?page_id=205","title":{"rendered":"Pr\u00e9sentation de l&rsquo;artiste"},"content":{"rendered":"<p>Peintre autodidacte , ma source d\u2019inspiration essentielle est la nature .<\/p>\n<p>Mes peintures \u00e0 l\u2019 huile sur toile, r\u00e9alis\u00e9es au couteau, s\u2019inscrivent dans un courant de peinture figurative contemporaine.<\/p>\n<p>La nature r\u00e8gne en maitre, avec sa lumi\u00e8re, ses reflets, ses couleurs, le feu et la glace, le ciel et la terre.<\/p>\n<p>Ici se c\u00f4toient avec bonheur les paysages ondoyants d\u2019Alsace ou du Sud , les march\u00e9s joyeux et les bouquets multicolores.<\/p>\n<p>Sc\u00e8nes r\u00e9elles ou recompos\u00e9es par l\u2019\u0153il du peintre cohabitent en un tourbillon de couleurs et de mati\u00e8res.<\/p>\n<p>Sur ma\u00a0 palette on trouve\u00a0 en majeure partie de la peinture \u00e0 l\u2019huile alkyde, de la peinture \u00e0 l\u2019huile classique et plus rarement\u00a0 une ou deux\u00a0 couleurs acryliques pour les fonds.<\/p>\n<p>Mes \u0153uvres sont pr\u00e9sent\u00e9es lors d\u2019expositions personnelles ou collectives, et figurent dans de nombreuses collections priv\u00e9es.<\/p>\n<p>Mes tableaux sont \u00e9galement visibles dans quelques galeries en Alsace, et au fameux march\u00e9 de l\u2019art en plein air, Place des arts \u00e0 Strasbourg.<\/p>\n<p><img loading=\"lazy\" decoding=\"async\" class=\"size-medium wp-image-210\" src=\"https:\/\/yvettehigelin.info\/wp-content\/uploads\/2016\/01\/presentation-artiste-230x300.jpg\" alt=\"??????????????\" width=\"230\" height=\"300\" srcset=\"https:\/\/yvettehigelin.info\/wp-content\/uploads\/2016\/01\/presentation-artiste-230x300.jpg 230w, https:\/\/yvettehigelin.info\/wp-content\/uploads\/2016\/01\/presentation-artiste-768x1003.jpg 768w, https:\/\/yvettehigelin.info\/wp-content\/uploads\/2016\/01\/presentation-artiste-784x1024.jpg 784w\" sizes=\"auto, (max-width: 230px) 100vw, 230px\" \/><\/p>\n<p>&nbsp;<\/p>\n","protected":false},"excerpt":{"rendered":"<p>Peintre autodidacte , ma source d\u2019inspiration essentielle est la nature . Mes peintures \u00e0 l\u2019 huile sur toile, r\u00e9alis\u00e9es au couteau, s\u2019inscrivent dans un courant de peinture figurative contemporaine. La nature r\u00e8gne en maitre, avec sa lumi\u00e8re, ses reflets, ses couleurs, le feu et la glace, le ciel et la terre. Ici se c\u00f4toient avec &hellip; <a href=\"https:\/\/yvettehigelin.info\/?page_id=205\" class=\"more-link\">Continuer la lecture de <span class=\"screen-reader-text\">Pr\u00e9sentation de l&rsquo;artiste<\/span> <span class=\"meta-nav\">&rarr;<\/span><\/a><\/p>\n","protected":false},"author":1,"featured_media":0,"parent":0,"menu_order":0,"comment_status":"closed","ping_status":"closed","template":"","meta":{"footnotes":""},"class_list":["post-205","page","type-page","status-publish","hentry"],"_links":{"self":[{"href":"https:\/\/yvettehigelin.info\/index.php?rest_route=\/wp\/v2\/pages\/205","targetHints":{"allow":["GET"]}}],"collection":[{"href":"https:\/\/yvettehigelin.info\/index.php?rest_route=\/wp\/v2\/pages"}],"about":[{"href":"https:\/\/yvettehigelin.info\/index.php?rest_route=\/wp\/v2\/types\/page"}],"author":[{"embeddable":true,"href":"https:\/\/yvettehigelin.info\/index.php?rest_route=\/wp\/v2\/users\/1"}],"replies":[{"embeddable":true,"href":"https:\/\/yvettehigelin.info\/index.php?rest_route=%2Fwp%2Fv2%2Fcomments&post=205"}],"version-history":[{"count":5,"href":"https:\/\/yvettehigelin.info\/index.php?rest_route=\/wp\/v2\/pages\/205\/revisions"}],"predecessor-version":[{"id":212,"href":"https:\/\/yvettehigelin.info\/index.php?rest_route=\/wp\/v2\/pages\/205\/revisions\/212"}],"wp:attachment":[{"href":"https:\/\/yvettehigelin.info\/index.php?rest_route=%2Fwp%2Fv2%2Fmedia&parent=205"}],"curies":[{"name":"wp","href":"https:\/\/api.w.org\/{rel}","templated":true}]}}